{"id":7710,"date":"2017-09-20T06:14:46","date_gmt":"2017-09-20T06:14:46","guid":{"rendered":"http:\/\/tilemax.local\/?page_id=7710"},"modified":"2024-09-24T21:01:37","modified_gmt":"2024-09-24T21:01:37","slug":"dirigeants","status":"publish","type":"page","link":"https:\/\/capitalimpact.fr\/fr_fr\/dirigeants\/","title":{"rendered":"Dirigeants"},"content":{"rendered":"<div class=\"wpb-content-wrapper\"><div class=\"vc_row wpb_row vc_row-fluid\"><div class=\"wpb_column vc_column_container vc_col-sm-12\"><div class=\"vc_column-inner \"><div class=\"wpb_wrapper\"><div class=\"ult-spacer spacer-69fb23bcec34c\" data-id=\"69fb23bcec34c\" data-height=\"200\" data-height-mobile=\"200\" data-height-tab=\"200\" data-height-tab-portrait=\"\" data-height-mobile-landscape=\"\" style=\"clear:both;display:block;\"><\/div><\/div><\/div><\/div><\/div><div class=\"vc_row wpb_row vc_row-fluid vc_row-o-equal-height vc_row-flex\"><div class=\"wpb_column vc_column_container vc_col-sm-6\"><div class=\"vc_column-inner \"><div class=\"wpb_wrapper\"><div class=\"ult-spacer spacer-69fb23bcec739\" data-id=\"69fb23bcec739\" data-height=\"50\" data-height-mobile=\"50\" data-height-tab=\"50\" data-height-tab-portrait=\"\" data-height-mobile-landscape=\"\" style=\"clear:both;display:block;\"><\/div>\n\t<div  class=\"wpb_single_image wpb_content_element vc_align_left wpb_content_element vc_custom_1726842240424\">\n\t\t\n\t\t<figure class=\"wpb_wrapper vc_figure\">\n\t\t\t<div class=\"vc_single_image-wrapper   vc_box_border_grey\"><img loading=\"lazy\" decoding=\"async\" width=\"500\" height=\"464\" src=\"https:\/\/capitalimpact.fr\/wp-content\/uploads\/2024\/09\/CONSEIL.jpg\" class=\"vc_single_image-img attachment-large\" alt=\"\" title=\"CONSEIL\" srcset=\"https:\/\/capitalimpact.fr\/wp-content\/uploads\/2024\/09\/CONSEIL.jpg 500w, https:\/\/capitalimpact.fr\/wp-content\/uploads\/2024\/09\/CONSEIL-300x278.jpg 300w\" sizes=\"auto, (max-width: 500px) 100vw, 500px\" \/><\/div>\n\t\t<\/figure>\n\t<\/div>\n<div class=\"ult-content-box-container \" >\t\t<div class=\"ult-content-box\" style=\"background-color:#ffffff;box-shadow: px px px px #f7f7f7 none;padding-top:35px;padding-left:60px;margin-top:-60px;margin-left:60px;-webkit-transition: all 700ms ease;-moz-transition: all 700ms ease;-ms-transition: all 700ms ease;-o-transition: all 700ms ease;transition: all 700ms ease;\"  data-hover_box_shadow=\"none\"    data-normal_margins=\"margin-top:-60px;margin-left:60px;\"   data-bg=\"#ffffff\" ><h3 style=\"text-align: left\" class=\"vc_custom_heading\">DE LA R\u00c9FLEXION STRAT\u00c9GIQUE AU CLOSING<\/h3>\t\t<\/div><\/div><\/div><\/div><\/div><div class=\"padding-right-sm wpb_column vc_column_container vc_col-sm-6\"><div class=\"vc_column-inner \" style=\" text-align:left; \"><div class=\"wpb_wrapper\"><h2 style=\"font-size: 80px;color: #dd3333;line-height: 1;text-align: left\" class=\"vc_custom_heading\">01.<\/h2><div class='dt-sc-small-separator '><\/div><h2 style=\"text-align: left\" class=\"vc_custom_heading\">CONSEIL<\/h2>\n\t<div class=\"wpb_text_column wpb_content_element \" >\n\t\t<div class=\"wpb_wrapper\">\n\t\t\t<p>Nous intervenons en amont dans la r\u00e9flexion avec le dirigeant afin d\u2019appr\u00e9hender les dimensions strat\u00e9giques, financi\u00e8res et capitalistique de l\u2019entreprise :<\/p>\n<ul>\n<li>Diagnostic structure de capital et patrimonial<\/li>\n<li>Gouvernance<\/li>\n<li>Red\u00e9finition de la strat\u00e9gie et d\u00e9veloppement<\/li>\n<li>Strat\u00e9gie de red\u00e9ploiement,\u2026<\/li>\n<\/ul>\n<p>Notre triple culture strat\u00e9gique, financi\u00e8re et op\u00e9rationnelle, nous permet un accompagnement global et d\u2019offrir des solutions sur-mesure<\/p>\n\n\t\t<\/div>\n\t<\/div>\n<\/div><\/div><\/div><div class=\"wpb_column vc_column_container vc_col-sm-12\"><div class=\"vc_column-inner \"><div class=\"wpb_wrapper\"><div class=\"ult-spacer spacer-69fb23bced123\" data-id=\"69fb23bced123\" data-height=\"150\" data-height-mobile=\"150\" data-height-tab=\"150\" data-height-tab-portrait=\"\" data-height-mobile-landscape=\"\" style=\"clear:both;display:block;\"><\/div><\/div><\/div><\/div><\/div><div class=\"vc_row wpb_row vc_row-fluid vc_row-o-equal-height vc_row-flex\"><div class=\"wpb_column vc_column_container vc_col-sm-6\"><div class=\"vc_column-inner \"><div class=\"wpb_wrapper\"><div class=\"ult-spacer spacer-69fb23bced29c\" data-id=\"69fb23bced29c\" data-height=\"50\" data-height-mobile=\"50\" data-height-tab=\"50\" data-height-tab-portrait=\"\" data-height-mobile-landscape=\"\" style=\"clear:both;display:block;\"><\/div>\n\t<div  class=\"wpb_single_image wpb_content_element vc_align_left wpb_content_element vc_custom_1726842361937\">\n\t\t\n\t\t<figure class=\"wpb_wrapper vc_figure\">\n\t\t\t<div class=\"vc_single_image-wrapper   vc_box_border_grey\"><img loading=\"lazy\" decoding=\"async\" width=\"500\" height=\"464\" src=\"https:\/\/capitalimpact.fr\/wp-content\/uploads\/2024\/09\/levee_carre.jpg\" class=\"vc_single_image-img attachment-large\" alt=\"\" title=\"levee_carre\" srcset=\"https:\/\/capitalimpact.fr\/wp-content\/uploads\/2024\/09\/levee_carre.jpg 500w, https:\/\/capitalimpact.fr\/wp-content\/uploads\/2024\/09\/levee_carre-300x278.jpg 300w\" sizes=\"auto, (max-width: 500px) 100vw, 500px\" \/><\/div>\n\t\t<\/figure>\n\t<\/div>\n<div class=\"ult-content-box-container \" >\t\t<div class=\"ult-content-box\" style=\"background-color:#ffffff;box-shadow: px px px px #f7f7f7 none;padding-top:35px;padding-left:60px;margin-top:-60px;margin-left:60px;-webkit-transition: all 700ms ease;-moz-transition: all 700ms ease;-ms-transition: all 700ms ease;-o-transition: all 700ms ease;transition: all 700ms ease;\"  data-hover_box_shadow=\"none\"    data-normal_margins=\"margin-top:-60px;margin-left:60px;\"   data-bg=\"#ffffff\" ><h3 style=\"text-align: left\" class=\"vc_custom_heading\">DE LA STARTUP AU PMEs\/ETI EN CROISSANCE<\/h3>\t\t<\/div><\/div><\/div><\/div><\/div><div class=\"padding-right-sm wpb_column vc_column_container vc_col-sm-6\"><div class=\"vc_column-inner \" style=\" text-align:left; \"><div class=\"wpb_wrapper\"><h2 style=\"font-size: 80px;color: #dd3333;line-height: 1;text-align: left\" class=\"vc_custom_heading\">02.<\/h2><div class='dt-sc-small-separator '><\/div><h2 style=\"text-align: left\" class=\"vc_custom_heading\">LEV\u00c9E DE FONDS<\/h2>\n\t<div class=\"wpb_text_column wpb_content_element \" >\n\t\t<div class=\"wpb_wrapper\">\n\t\t\t<p>Nous intervenons dans toutes leurs probl\u00e9matiques de financement:<\/p>\n<ul>\n<li>Equity, quasi Equity ou en dette,<\/li>\n<li>Minoritaire ou majoritaire<\/li>\n<\/ul>\n<p>&nbsp;<\/p>\n<p>Elaboration de la strat\u00e9gie de la lev\u00e9e de fonds :<\/p>\n<ul>\n<li>Equity story<\/li>\n<li>Identification typologie d\u2019investisseurs \u00e0 cibler<\/li>\n<li>Pr\u00e9paration de la documentation (Business Plan, M\u00e9mo, Deck, Teaser, Data room, etc,..)<\/li>\n<li>Organisation du process et de la pr\u00e9paration des RDVs<\/li>\n<li>N\u00e9gociations et coordination des due diligences<\/li>\n<\/ul>\n\n\t\t<\/div>\n\t<\/div>\n<\/div><\/div><\/div><div class=\"wpb_column vc_column_container vc_col-sm-12\"><div class=\"vc_column-inner \"><div class=\"wpb_wrapper\"><div class=\"ult-spacer spacer-69fb23bced8ad\" data-id=\"69fb23bced8ad\" data-height=\"150\" data-height-mobile=\"150\" data-height-tab=\"150\" data-height-tab-portrait=\"\" data-height-mobile-landscape=\"\" style=\"clear:both;display:block;\"><\/div><\/div><\/div><\/div><\/div><div class=\"vc_row wpb_row vc_row-fluid vc_row-o-equal-height vc_row-flex\"><div class=\"wpb_column vc_column_container vc_col-sm-6\"><div class=\"vc_column-inner \"><div class=\"wpb_wrapper\"><div class=\"ult-spacer spacer-69fb23bceda16\" data-id=\"69fb23bceda16\" data-height=\"50\" data-height-mobile=\"50\" data-height-tab=\"50\" data-height-tab-portrait=\"\" data-height-mobile-landscape=\"\" style=\"clear:both;display:block;\"><\/div>\n\t<div  class=\"wpb_single_image wpb_content_element vc_align_left wpb_content_element vc_custom_1726841916172\">\n\t\t\n\t\t<figure class=\"wpb_wrapper vc_figure\">\n\t\t\t<div class=\"vc_single_image-wrapper   vc_box_border_grey\"><img loading=\"lazy\" decoding=\"async\" width=\"500\" height=\"463\" src=\"https:\/\/capitalimpact.fr\/wp-content\/uploads\/2024\/09\/PE_photo.jpg\" class=\"vc_single_image-img attachment-large\" alt=\"\" title=\"PE_photo\" srcset=\"https:\/\/capitalimpact.fr\/wp-content\/uploads\/2024\/09\/PE_photo.jpg 500w, https:\/\/capitalimpact.fr\/wp-content\/uploads\/2024\/09\/PE_photo-300x278.jpg 300w\" sizes=\"auto, (max-width: 500px) 100vw, 500px\" \/><\/div>\n\t\t<\/figure>\n\t<\/div>\n<div class=\"ult-content-box-container \" >\t\t<div class=\"ult-content-box\" style=\"background-color:#ffffff;box-shadow: px px px px #f7f7f7 none;padding-top:35px;padding-left:60px;margin-top:-60px;margin-left:60px;-webkit-transition: all 700ms ease;-moz-transition: all 700ms ease;-ms-transition: all 700ms ease;-o-transition: all 700ms ease;transition: all 700ms ease;\"  data-hover_box_shadow=\"none\"    data-normal_margins=\"margin-top:-60px;margin-left:60px;\"   data-bg=\"#ffffff\" ><h3 style=\"text-align: left\" class=\"vc_custom_heading\">CAPITAL CROISSANCE -<br \/>\nLBO - CESSION - BUILD-UP<\/h3>\t\t<\/div><\/div><\/div><\/div><\/div><div class=\"padding-right-sm wpb_column vc_column_container vc_col-sm-6\"><div class=\"vc_column-inner \" style=\" text-align:left; \"><div class=\"wpb_wrapper\"><h2 style=\"font-size: 80px;color: #dd3333;line-height: 1;text-align: left\" class=\"vc_custom_heading\">03.<\/h2><div class='dt-sc-small-separator '><\/div><h2 style=\"text-align: left\" class=\"vc_custom_heading\">M&amp;A<\/h2>\n\t<div class=\"wpb_text_column wpb_content_element \" >\n\t\t<div class=\"wpb_wrapper\">\n\t\t\t<p>Nous conduisons tout type d\u2019op\u00e9ration et intervenons en capital croissance, LBO, cession industrielle et build-up.<\/p>\n<p>&nbsp;<\/p>\n<p>Nous conseillons nos clients sur le long terme avec un service sur mesure et prenons en charge toutes les \u00e9tapes d\u2019un deal :<\/p>\n<ul>\n<li>D\u00e9finition des objectifs<\/li>\n<li>Priorisation et structuration des cibles<\/li>\n<li>Assistance dans l\u2019\u00e9valuation des opportunit\u00e9s, la valorisation et financement des cibles, n\u00e9gociations des clauses juridiques,\u2026<\/li>\n<\/ul>\n\n\t\t<\/div>\n\t<\/div>\n<\/div><\/div><\/div><div class=\"wpb_column vc_column_container vc_col-sm-12\"><div class=\"vc_column-inner \"><div class=\"wpb_wrapper\"><div class=\"ult-spacer spacer-69fb23bcee010\" data-id=\"69fb23bcee010\" data-height=\"100\" data-height-mobile=\"100\" data-height-tab=\"100\" data-height-tab-portrait=\"\" data-height-mobile-landscape=\"\" style=\"clear:both;display:block;\"><\/div><\/div><\/div><\/div><\/div><div class=\"vc_row wpb_row vc_row-fluid\"><div class=\"wpb_column vc_column_container vc_col-sm-12\"><div class=\"vc_column-inner \"><div class=\"wpb_wrapper\"><div class=\"ult-spacer spacer-69fb23bcee189\" data-id=\"69fb23bcee189\" data-height=\"100\" data-height-mobile=\"100\" data-height-tab=\"100\" data-height-tab-portrait=\"\" data-height-mobile-landscape=\"\" style=\"clear:both;display:block;\"><\/div><div class='dt-sc-title with-two-border aligncenter'><h2>UN APER\u00c7U DE<br \/>\n<strong>NOS R\u00c9ALISATIONS<\/strong> SECTORIELLES<\/h2><\/div><div class='dt-sc-small-separator aligncenter'><\/div><div class=\"ult-spacer spacer-69fb23bcee1bb\" data-id=\"69fb23bcee1bb\" data-height=\"100\" data-height-mobile=\"100\" data-height-tab=\"100\" data-height-tab-portrait=\"\" data-height-mobile-landscape=\"\" style=\"clear:both;display:block;\"><\/div><div class=\"vc_row wpb_row vc_inner vc_row-fluid\"><div class=\"wpb_column vc_column_container vc_col-sm-6\"><div class=\"vc_column-inner \"><div class=\"wpb_wrapper\"><div class='dt-sc-image-flip'><a href='https:\/\/capitalimpact.fr\/references\/' title='R\u00e9f\u00e9rences' target='_self'><img loading=\"lazy\" decoding=\"async\" width=\"520\" height=\"339\" src=\"https:\/\/capitalimpact.fr\/wp-content\/uploads\/2024\/09\/Picture-3-verso.jpg\" class=\"attachment-full\" alt=\"\" title=\"Picture 3 verso\" srcset=\"https:\/\/capitalimpact.fr\/wp-content\/uploads\/2024\/09\/Picture-3-verso.jpg 520w, https:\/\/capitalimpact.fr\/wp-content\/uploads\/2024\/09\/Picture-3-verso-300x196.jpg 300w, https:\/\/capitalimpact.fr\/wp-content\/uploads\/2024\/09\/Picture-3-verso-420x275.jpg 420w\" sizes=\"auto, (max-width: 520px) 100vw, 520px\" \/><img loading=\"lazy\" decoding=\"async\" width=\"520\" height=\"339\" src=\"https:\/\/capitalimpact.fr\/wp-content\/uploads\/2024\/09\/Picture-3-recto.jpg\" class=\"attachment-full\" alt=\"\" title=\"Picture 3 recto\" srcset=\"https:\/\/capitalimpact.fr\/wp-content\/uploads\/2024\/09\/Picture-3-recto.jpg 520w, https:\/\/capitalimpact.fr\/wp-content\/uploads\/2024\/09\/Picture-3-recto-300x196.jpg 300w, https:\/\/capitalimpact.fr\/wp-content\/uploads\/2024\/09\/Picture-3-recto-420x275.jpg 420w\" sizes=\"auto, (max-width: 520px) 100vw, 520px\" \/><\/a><\/div><\/div><\/div><\/div><div class=\"wpb_column vc_column_container vc_col-sm-6\"><div class=\"vc_column-inner \"><div class=\"wpb_wrapper\"><div class='dt-sc-image-flip'><a href='https:\/\/capitalimpact.fr\/references\/' title='R\u00e9f\u00e9rences' target='_self'><img loading=\"lazy\" decoding=\"async\" width=\"520\" height=\"340\" src=\"https:\/\/capitalimpact.fr\/wp-content\/uploads\/2024\/09\/Picture-4-RECTO.jpg\" class=\"attachment-full\" alt=\"\" title=\"Picture 4 RECTO\" srcset=\"https:\/\/capitalimpact.fr\/wp-content\/uploads\/2024\/09\/Picture-4-RECTO.jpg 520w, https:\/\/capitalimpact.fr\/wp-content\/uploads\/2024\/09\/Picture-4-RECTO-300x196.jpg 300w, https:\/\/capitalimpact.fr\/wp-content\/uploads\/2024\/09\/Picture-4-RECTO-420x275.jpg 420w\" sizes=\"auto, (max-width: 520px) 100vw, 520px\" \/><img loading=\"lazy\" decoding=\"async\" width=\"520\" height=\"340\" src=\"https:\/\/capitalimpact.fr\/wp-content\/uploads\/2024\/09\/Picture-4-verso.jpg\" class=\"attachment-full\" alt=\"\" title=\"Picture 4 verso\" srcset=\"https:\/\/capitalimpact.fr\/wp-content\/uploads\/2024\/09\/Picture-4-verso.jpg 520w, https:\/\/capitalimpact.fr\/wp-content\/uploads\/2024\/09\/Picture-4-verso-300x196.jpg 300w, https:\/\/capitalimpact.fr\/wp-content\/uploads\/2024\/09\/Picture-4-verso-420x275.jpg 420w\" sizes=\"auto, (max-width: 520px) 100vw, 520px\" \/><\/a><\/div><\/div><\/div><\/div><\/div><div class=\"ult-spacer spacer-69fb23bceeec8\" data-id=\"69fb23bceeec8\" data-height=\"100\" data-height-mobile=\"100\" data-height-tab=\"100\" data-height-tab-portrait=\"\" data-height-mobile-landscape=\"\" style=\"clear:both;display:block;\"><\/div><div class=\"vc_row wpb_row vc_inner vc_row-fluid\"><div class=\"wpb_column vc_column_container vc_col-sm-6\"><div class=\"vc_column-inner \"><div class=\"wpb_wrapper\"><div class='dt-sc-image-flip'><a href='https:\/\/capitalimpact.fr\/references\/' title='R\u00e9f\u00e9rences' target='_self'><img loading=\"lazy\" decoding=\"async\" width=\"520\" height=\"340\" src=\"https:\/\/capitalimpact.fr\/wp-content\/uploads\/2024\/09\/Picture-2-recto.jpg\" class=\"attachment-full\" alt=\"\" title=\"Picture 2 recto\" srcset=\"https:\/\/capitalimpact.fr\/wp-content\/uploads\/2024\/09\/Picture-2-recto.jpg 520w, https:\/\/capitalimpact.fr\/wp-content\/uploads\/2024\/09\/Picture-2-recto-300x196.jpg 300w, https:\/\/capitalimpact.fr\/wp-content\/uploads\/2024\/09\/Picture-2-recto-420x275.jpg 420w\" sizes=\"auto, (max-width: 520px) 100vw, 520px\" \/><img loading=\"lazy\" decoding=\"async\" width=\"520\" height=\"340\" src=\"https:\/\/capitalimpact.fr\/wp-content\/uploads\/2024\/09\/Picture-2-verso.jpg\" class=\"attachment-full\" alt=\"\" title=\"Picture 2 verso\" srcset=\"https:\/\/capitalimpact.fr\/wp-content\/uploads\/2024\/09\/Picture-2-verso.jpg 520w, https:\/\/capitalimpact.fr\/wp-content\/uploads\/2024\/09\/Picture-2-verso-300x196.jpg 300w, https:\/\/capitalimpact.fr\/wp-content\/uploads\/2024\/09\/Picture-2-verso-420x275.jpg 420w\" sizes=\"auto, (max-width: 520px) 100vw, 520px\" \/><\/a><\/div><\/div><\/div><\/div><div class=\"wpb_column vc_column_container vc_col-sm-6\"><div class=\"vc_column-inner \"><div class=\"wpb_wrapper\"><div class='dt-sc-image-flip'><a href='https:\/\/capitalimpact.fr\/references\/' title='R\u00e9f\u00e9rences' target='_self'><img loading=\"lazy\" decoding=\"async\" width=\"520\" height=\"340\" src=\"https:\/\/capitalimpact.fr\/wp-content\/uploads\/2024\/09\/Picture-1-recto.jpg\" class=\"attachment-full\" alt=\"\" title=\"Picture 1 recto\" srcset=\"https:\/\/capitalimpact.fr\/wp-content\/uploads\/2024\/09\/Picture-1-recto.jpg 520w, https:\/\/capitalimpact.fr\/wp-content\/uploads\/2024\/09\/Picture-1-recto-300x196.jpg 300w, https:\/\/capitalimpact.fr\/wp-content\/uploads\/2024\/09\/Picture-1-recto-420x275.jpg 420w\" sizes=\"auto, (max-width: 520px) 100vw, 520px\" \/><img loading=\"lazy\" decoding=\"async\" width=\"520\" height=\"340\" src=\"https:\/\/capitalimpact.fr\/wp-content\/uploads\/2024\/09\/Picture-1-verso.jpg\" class=\"attachment-full\" alt=\"\" title=\"Picture 1 verso\" srcset=\"https:\/\/capitalimpact.fr\/wp-content\/uploads\/2024\/09\/Picture-1-verso.jpg 520w, https:\/\/capitalimpact.fr\/wp-content\/uploads\/2024\/09\/Picture-1-verso-300x196.jpg 300w, https:\/\/capitalimpact.fr\/wp-content\/uploads\/2024\/09\/Picture-1-verso-420x275.jpg 420w\" sizes=\"auto, (max-width: 520px) 100vw, 520px\" \/><\/a><\/div><\/div><\/div><\/div><\/div><\/div><\/div><\/div><\/div><div class=\"vc_row wpb_row vc_row-fluid\"><div class=\"wpb_column vc_column_container vc_col-sm-12\"><div class=\"vc_column-inner \"><div class=\"wpb_wrapper\"><div class=\"ult-spacer spacer-69fb23bcefb99\" data-id=\"69fb23bcefb99\" data-height=\"300\" data-height-mobile=\"300\" data-height-tab=\"300\" data-height-tab-portrait=\"\" data-height-mobile-landscape=\"\" style=\"clear:both;display:block;\"><\/div><\/div><\/div><\/div><\/div>\n<\/div>","protected":false},"excerpt":{"rendered":"DE LA R\u00c9FLEXION STRAT\u00c9GIQUE AU CLOSING 01.CONSEIL Nous intervenons en amont dans la r\u00e9flexion avec le dirigeant afin d\u2019appr\u00e9hender les dimensions strat\u00e9giques, financi\u00e8res et capitalistique de l\u2019entreprise : Diagnostic structure de capital et patrimonial Gouvernance Red\u00e9finition de la strat\u00e9gie et d\u00e9veloppement Strat\u00e9gie de red\u00e9ploiement,\u2026 Notre triple culture strat\u00e9gique, financi\u00e8re et op\u00e9rationnelle, nous permet un accompagnement [...]","protected":false},"author":2,"featured_media":9735,"parent":0,"menu_order":0,"comment_status":"closed","ping_status":"closed","template":"","meta":{"footnotes":""},"class_list":["post-7710","page","type-page","status-publish","has-post-thumbnail","hentry"],"_links":{"self":[{"href":"https:\/\/capitalimpact.fr\/fr_fr\/wp-json\/wp\/v2\/pages\/7710","targetHints":{"allow":["GET"]}}],"collection":[{"href":"https:\/\/capitalimpact.fr\/fr_fr\/wp-json\/wp\/v2\/pages"}],"about":[{"href":"https:\/\/capitalimpact.fr\/fr_fr\/wp-json\/wp\/v2\/types\/page"}],"author":[{"embeddable":true,"href":"https:\/\/capitalimpact.fr\/fr_fr\/wp-json\/wp\/v2\/users\/2"}],"replies":[{"embeddable":true,"href":"https:\/\/capitalimpact.fr\/fr_fr\/wp-json\/wp\/v2\/comments?post=7710"}],"version-history":[{"count":34,"href":"https:\/\/capitalimpact.fr\/fr_fr\/wp-json\/wp\/v2\/pages\/7710\/revisions"}],"predecessor-version":[{"id":10762,"href":"https:\/\/capitalimpact.fr\/fr_fr\/wp-json\/wp\/v2\/pages\/7710\/revisions\/10762"}],"wp:featuredmedia":[{"embeddable":true,"href":"https:\/\/capitalimpact.fr\/fr_fr\/wp-json\/wp\/v2\/media\/9735"}],"wp:attachment":[{"href":"https:\/\/capitalimpact.fr\/fr_fr\/wp-json\/wp\/v2\/media?parent=7710"}],"curies":[{"name":"wp","href":"https:\/\/api.w.org\/{rel}","templated":true}]}}