{"id":7564,"date":"2017-09-18T12:21:19","date_gmt":"2017-09-18T12:21:19","guid":{"rendered":"http:\/\/tilemax.local\/?page_id=7564"},"modified":"2024-10-14T12:48:14","modified_gmt":"2024-10-14T12:48:14","slug":"a-propos","status":"publish","type":"page","link":"https:\/\/capitalimpact.fr\/en\/a-propos\/","title":{"rendered":"A propos"},"content":{"rendered":"<div class=\"wpb-content-wrapper\"><div class=\"vc_row wpb_row vc_row-fluid\"><div class=\"wpb_column vc_column_container vc_col-sm-12\"><div class=\"vc_column-inner\" style=\" text-align:center; \"><div class=\"wpb_wrapper\"><div class=\"ult-spacer spacer-69fb3100235a2\" data-id=\"69fb3100235a2\" data-height=\"200\" data-height-mobile=\"200\" data-height-tab=\"200\" data-height-tab-portrait=\"\" data-height-mobile-landscape=\"\" style=\"clear:both;display:block;\"><\/div><div class='dt-sc-title with-two-border aligncenter'><h2>ASSOCI\u00c9 <strong>FONDATEUR<\/strong><\/h2><\/div><div class=\"ult-spacer spacer-69fb3100235e3\" data-id=\"69fb3100235e3\" data-height=\"120\" data-height-mobile=\"120\" data-height-tab=\"120\" data-height-tab-portrait=\"\" data-height-mobile-landscape=\"\" style=\"clear:both;display:block;\"><\/div><\/div><\/div><\/div><\/div><div class=\"vc_row wpb_row vc_row-fluid vc_row-o-equal-height vc_row-flex\"><div class=\"wpb_column vc_column_container vc_col-sm-6\"><div class=\"vc_column-inner\"><div class=\"wpb_wrapper\"><div class=\"ult-spacer spacer-69fb310023b63\" data-id=\"69fb310023b63\" data-height=\"30\" data-height-mobile=\"30\" data-height-tab=\"30\" data-height-tab-portrait=\"\" data-height-mobile-landscape=\"\" style=\"clear:both;display:block;\"><\/div>\n\t<div  class=\"wpb_single_image wpb_content_element vc_align_left wpb_content_element vc_custom_1726847448154\">\n\t\t\n\t\t<figure class=\"wpb_wrapper vc_figure\">\n\t\t\t<div class=\"vc_single_image-wrapper   vc_box_border_grey\"><img loading=\"lazy\" decoding=\"async\" width=\"500\" height=\"634\" src=\"https:\/\/capitalimpact.fr\/wp-content\/uploads\/2024\/09\/FXMEYER.jpg\" class=\"vc_single_image-img attachment-large\" alt=\"\" title=\"FXMEYER\" srcset=\"https:\/\/capitalimpact.fr\/wp-content\/uploads\/2024\/09\/FXMEYER.jpg 500w, https:\/\/capitalimpact.fr\/wp-content\/uploads\/2024\/09\/FXMEYER-237x300.jpg 237w\" sizes=\"auto, (max-width: 500px) 100vw, 500px\" \/><\/div>\n\t\t<\/figure>\n\t<\/div>\n<div class=\"ult-content-box-container\" >\t\t<div class=\"ult-content-box\" style=\"background-color:#ffffff;box-shadow: px px px px #f7f7f7 none;padding-top:35px;padding-left:60px;margin-top:-60px;margin-left:60px;-webkit-transition: all 700ms ease;-moz-transition: all 700ms ease;-ms-transition: all 700ms ease;-o-transition: all 700ms ease;transition: all 700ms ease;\"  data-hover_box_shadow=\"none\"    data-normal_margins=\"margin-top:-60px;margin-left:60px;\"   data-bg=\"#ffffff\" >\t\t<\/div><\/div><\/div><\/div><\/div><div class=\"padding-right-sm wpb_column vc_column_container vc_col-sm-6\"><div class=\"vc_column-inner\" style=\" text-align:left; \"><div class=\"wpb_wrapper\"><h1 style=\"text-align: left\" class=\"vc_custom_heading\">FRAN\u00c7OIS-XAVIER <strong>MEYER<\/strong><\/h1><div class=\"vc_row wpb_row vc_inner vc_row-fluid\"><div class=\"wpb_column vc_column_container vc_col-sm-2\"><div class=\"vc_column-inner\"><div class=\"wpb_wrapper\"><div class=\"vc_icon_element vc_icon_element-outer vc_custom_1727183573912 vc_do_icon vc_icon_element-align-left\"><div class=\"vc_icon_element-inner vc_icon_element-color-custom vc_icon_element-size-sm vc_icon_element-style- vc_icon_element-background-color-grey\" ><span class=\"vc_icon_element-icon fab fa-linkedin\" style=\"color:#960000 !important\"><\/span><a class=\"vc_icon_element-link\" href=\"https:\/\/www.linkedin.com\/in\/fran%C3%A7ois-xavier-meyer-b2947a1\/\"  title=\"\" target=\"_blank\"><\/a><\/div><\/div><\/div><\/div><\/div><div class=\"wpb_column vc_column_container vc_col-sm-10\"><div class=\"vc_column-inner vc_custom_1727183648121\"><div class=\"wpb_wrapper\">\n\t<div class=\"wpb_text_column wpb_content_element  vc_custom_1728910091797\" >\n\t\t<div class=\"wpb_wrapper\">\n\t\t\t<p><span style=\"color: #960000;\">&#8211;\u00a0 \u00a0<a href=\"https:\/\/www.linkedin.com\/in\/fran%C3%A7ois-xavier-meyer-b2947a1\/\">Profil Linkedin<\/a>.<\/span><\/p>\n\n\t\t<\/div>\n\t<\/div>\n<\/div><\/div><\/div><\/div>\n\t<div class=\"wpb_text_column wpb_content_element\" >\n\t\t<div class=\"wpb_wrapper\">\n\t\t\t<p>Fran\u00e7ois-Xavier Meyer cumule plus de 20 ans d\u2019exp\u00e9riences en conseil M&amp;A (Lehman Brothers, PwC TS) et comme investisseur en Venture Capital &amp; LBO chez Siparex puis dirigeant et fondateur de SEB Alliance, le Corporate Venture Capital du Groupe SEB et plus r\u00e9cemment Operating Partner chez Sienna Venture Capital.<\/p>\n<ul>\n<li>Cr\u00e9ation et d\u00e9ploiement d\u2019un fonds de plus de 250 M\u20ac. R\u00e9alisation de plus d\u2019une cinquantaine d\u2019investissements et de nombreuses sorties (de l\u2019amor\u00e7age technologique au LBO) dans des soci\u00e9t\u00e9s innovantes et de croissance et dans plus d\u2019une vingtaine de fonds d\u2019investissements (VC et PE) en France et \u00e0 l\u2019international.<\/li>\n<li>Forte connaissance de l\u2019\u00e9cosyst\u00e8me Innovation europ\u00e9en et acc\u00e8s privil\u00e9gi\u00e9s \u00e0 de grands groupes industriels.<\/li>\n<li>Expert Mentor au sein du programme Scale-Up Europe 2024 de l\u2019EIC (programme de la Commission Europ\u00e9enne) accompagnant des soci\u00e9t\u00e9s de pointe dans le domaine de la cybers\u00e9curit\u00e9 et de l\u2019IA.<\/li>\n<li>Franco-allemand, Dipl\u00f4m\u00e9 de l\u2019ESCP (EAP BE01), Exec.Prog. IMD &amp; HEC<\/li>\n<\/ul>\n\n\t\t<\/div>\n\t<\/div>\n<\/div><\/div><\/div><div class=\"wpb_column vc_column_container vc_col-sm-12\"><div class=\"vc_column-inner\"><div class=\"wpb_wrapper\"><\/div><\/div><\/div><\/div><div class=\"vc_row wpb_row vc_row-fluid\"><div class=\"wpb_column vc_column_container vc_col-sm-12\"><div class=\"vc_column-inner\" style=\" text-align:center; \"><div class=\"wpb_wrapper\"><div class=\"ult-spacer spacer-69fb310025e8c\" data-id=\"69fb310025e8c\" data-height=\"200\" data-height-mobile=\"200\" data-height-tab=\"200\" data-height-tab-portrait=\"\" data-height-mobile-landscape=\"\" style=\"clear:both;display:block;\"><\/div><div class='dt-sc-title with-two-border aligncenter'><h2>UNE \u00c9QUIPE <strong>MULTI-EXPERTE<\/strong><\/h2><\/div><div class=\"ult-spacer spacer-69fb310025eb7\" data-id=\"69fb310025eb7\" data-height=\"100\" data-height-mobile=\"100\" data-height-tab=\"100\" data-height-tab-portrait=\"\" data-height-mobile-landscape=\"\" style=\"clear:both;display:block;\"><\/div><div class=\"vc_row wpb_row vc_inner vc_row-fluid\"><div class=\"wpb_column vc_column_container vc_col-sm-12\"><div class=\"vc_column-inner\"><div class=\"wpb_wrapper\"><div class='dt-sc-image-caption type7'><div class='dt-sc-image-wrapper'><img loading=\"lazy\" decoding=\"async\" width=\"1920\" height=\"1280\" src=\"https:\/\/capitalimpact.fr\/wp-content\/uploads\/2024\/09\/business-team2.jpg\" class=\"attachment-full\" alt=\"\" title=\"business-team2\" srcset=\"https:\/\/capitalimpact.fr\/wp-content\/uploads\/2024\/09\/business-team2.jpg 1920w, https:\/\/capitalimpact.fr\/wp-content\/uploads\/2024\/09\/business-team2-300x200.jpg 300w, https:\/\/capitalimpact.fr\/wp-content\/uploads\/2024\/09\/business-team2-1024x683.jpg 1024w, https:\/\/capitalimpact.fr\/wp-content\/uploads\/2024\/09\/business-team2-768x512.jpg 768w, https:\/\/capitalimpact.fr\/wp-content\/uploads\/2024\/09\/business-team2-1536x1024.jpg 1536w\" sizes=\"auto, (max-width: 1920px) 100vw, 1920px\" \/><\/div><div class='dt-sc-image-content'><div class='dt-sc-image-title'><h3><\/h3><\/div><p><p style=\"text-align: left; padding-left: 40px; font-size: 28px; line-height: 44px; font-weight: 300;\">En fonction des besoins clients,<\/p>\n<p style=\"text-align: left; padding-left: 40px; font-size: 28px; line-height: 44px; font-weight: 300;\"><strong>Capital Impact constitue l\u2019\u00e9quipe projet<\/strong> r\u00e9unissant les expertises m\u00e9tiers et sectorielles.<\/p><\/p><\/div><\/div><\/div><\/div><\/div><\/div><\/div><\/div><\/div><\/div><div class=\"vc_row wpb_row vc_row-fluid\"><div class=\"wpb_column vc_column_container vc_col-sm-12\"><div class=\"vc_column-inner\" style=\" text-align:center; \"><div class=\"wpb_wrapper\"><div class=\"ult-spacer spacer-69fb310026537\" data-id=\"69fb310026537\" data-height=\"250\" data-height-mobile=\"250\" data-height-tab=\"250\" data-height-tab-portrait=\"\" data-height-mobile-landscape=\"\" style=\"clear:both;display:block;\"><\/div><\/div><\/div><\/div><\/div>\n<\/div>","protected":false},"excerpt":{"rendered":"ASSOCI\u00c9 FONDATEUR FRAN\u00c7OIS-XAVIER MEYER -\u00a0 \u00a0Profil Linkedin. Fran\u00e7ois-Xavier Meyer cumule plus de 20 ans d\u2019exp\u00e9riences en conseil M&amp;A (Lehman Brothers, PwC TS) et comme investisseur en Venture Capital &amp; LBO chez Siparex puis dirigeant et fondateur de SEB Alliance, le Corporate Venture Capital du Groupe SEB et plus r\u00e9cemment Operating Partner chez Sienna Venture Capital. [...]","protected":false},"author":2,"featured_media":0,"parent":0,"menu_order":0,"comment_status":"closed","ping_status":"closed","template":"","meta":{"footnotes":""},"class_list":["post-7564","page","type-page","status-publish","hentry"],"_links":{"self":[{"href":"https:\/\/capitalimpact.fr\/en\/wp-json\/wp\/v2\/pages\/7564","targetHints":{"allow":["GET"]}}],"collection":[{"href":"https:\/\/capitalimpact.fr\/en\/wp-json\/wp\/v2\/pages"}],"about":[{"href":"https:\/\/capitalimpact.fr\/en\/wp-json\/wp\/v2\/types\/page"}],"author":[{"embeddable":true,"href":"https:\/\/capitalimpact.fr\/en\/wp-json\/wp\/v2\/users\/2"}],"replies":[{"embeddable":true,"href":"https:\/\/capitalimpact.fr\/en\/wp-json\/wp\/v2\/comments?post=7564"}],"version-history":[{"count":45,"href":"https:\/\/capitalimpact.fr\/en\/wp-json\/wp\/v2\/pages\/7564\/revisions"}],"predecessor-version":[{"id":10876,"href":"https:\/\/capitalimpact.fr\/en\/wp-json\/wp\/v2\/pages\/7564\/revisions\/10876"}],"wp:attachment":[{"href":"https:\/\/capitalimpact.fr\/en\/wp-json\/wp\/v2\/media?parent=7564"}],"curies":[{"name":"wp","href":"https:\/\/api.w.org\/{rel}","templated":true}]}}