{"id":10307,"date":"2024-09-20T14:42:49","date_gmt":"2024-09-20T14:42:49","guid":{"rendered":"https:\/\/capitalimpact.fr\/?page_id=10307"},"modified":"2024-09-24T21:00:10","modified_gmt":"2024-09-24T21:00:10","slug":"fonds-investissement","status":"publish","type":"page","link":"https:\/\/capitalimpact.fr\/en\/fonds-investissement\/","title":{"rendered":"Fonds d&rsquo;Investissement"},"content":{"rendered":"<div class=\"wpb-content-wrapper\"><div class=\"vc_row wpb_row vc_row-fluid\"><div class=\"wpb_column vc_column_container vc_col-sm-12\"><div class=\"vc_column-inner\"><div class=\"wpb_wrapper\"><div class=\"ult-spacer spacer-69fb364b45075\" data-id=\"69fb364b45075\" data-height=\"200\" data-height-mobile=\"200\" data-height-tab=\"200\" data-height-tab-portrait=\"\" data-height-mobile-landscape=\"\" style=\"clear:both;display:block;\"><\/div><\/div><\/div><\/div><\/div><div class=\"vc_row wpb_row vc_row-fluid vc_row-o-equal-height vc_row-flex\"><div class=\"wpb_column vc_column_container vc_col-sm-6\"><div class=\"vc_column-inner\"><div class=\"wpb_wrapper\"><div class=\"ult-spacer spacer-69fb364b454de\" data-id=\"69fb364b454de\" data-height=\"30\" data-height-mobile=\"30\" data-height-tab=\"30\" data-height-tab-portrait=\"\" data-height-mobile-landscape=\"\" style=\"clear:both;display:block;\"><\/div>\n\t<div  class=\"wpb_single_image wpb_content_element vc_align_left wpb_content_element vc_custom_1726844325098\">\n\t\t\n\t\t<figure class=\"wpb_wrapper vc_figure\">\n\t\t\t<div class=\"vc_single_image-wrapper   vc_box_border_grey\"><img loading=\"lazy\" decoding=\"async\" width=\"500\" height=\"464\" src=\"https:\/\/capitalimpact.fr\/wp-content\/uploads\/2024\/09\/CONSEIL2.jpg\" class=\"vc_single_image-img attachment-large\" alt=\"\" title=\"CONSEIL2\" srcset=\"https:\/\/capitalimpact.fr\/wp-content\/uploads\/2024\/09\/CONSEIL2.jpg 500w, https:\/\/capitalimpact.fr\/wp-content\/uploads\/2024\/09\/CONSEIL2-300x278.jpg 300w\" sizes=\"auto, (max-width: 500px) 100vw, 500px\" \/><\/div>\n\t\t<\/figure>\n\t<\/div>\n<div class=\"ult-content-box-container\" >\t\t<div class=\"ult-content-box\" style=\"background-color:#ffffff;box-shadow: px px px px #f7f7f7 none;padding-top:35px;padding-left:60px;margin-top:-60px;margin-left:60px;-webkit-transition: all 700ms ease;-moz-transition: all 700ms ease;-ms-transition: all 700ms ease;-o-transition: all 700ms ease;transition: all 700ms ease;\"  data-hover_box_shadow=\"none\"    data-normal_margins=\"margin-top:-60px;margin-left:60px;\"   data-bg=\"#ffffff\" ><h3 style=\"text-align: left\" class=\"vc_custom_heading\">SOCI\u00c9T\u00c9 DE GESTION &amp; CVC (FONDS CORPORATE)<\/h3>\t\t<\/div><\/div><\/div><\/div><\/div><div class=\"padding-right-sm wpb_column vc_column_container vc_col-sm-6\"><div class=\"vc_column-inner\" style=\" text-align:left; \"><div class=\"wpb_wrapper\"><h2 style=\"font-size: 80px;color: #dd3333;line-height: 1;text-align: left\" class=\"vc_custom_heading\">01.<\/h2><div class='dt-sc-small-separator'><\/div><h2 style=\"text-align: left\" class=\"vc_custom_heading\">CONSEIL &amp; LEV\u00c9E DE FONDS<\/h2>\n\t<div class=\"wpb_text_column wpb_content_element\" >\n\t\t<div class=\"wpb_wrapper\">\n\t\t\t<p>Nous intervenons dans la r\u00e9flexion strat\u00e9gique de soci\u00e9t\u00e9s de gestion et de CVC (fonds corporate) :<\/p>\n<ul>\n<li>Positionnement strat\u00e9gique, identification des axes de d\u00e9veloppement, organisation etc..<\/li>\n<\/ul>\n<p>Accompagnement dans la d\u00e9marche de lev\u00e9e des fonds :<\/p>\n<ul>\n<li>Identification typologie d\u2019investisseurs \u00e0 cibler<\/li>\n<li>Pr\u00e9paration de la documentation<\/li>\n<li>Organisation du process et de la pr\u00e9paration des RDVs<\/li>\n<li>N\u00e9gociations et coordination des due diligences<\/li>\n<\/ul>\n\n\t\t<\/div>\n\t<\/div>\n<\/div><\/div><\/div><div class=\"wpb_column vc_column_container vc_col-sm-12\"><div class=\"vc_column-inner\"><div class=\"wpb_wrapper\"><div class=\"ult-spacer spacer-69fb364b45f01\" data-id=\"69fb364b45f01\" data-height=\"150\" data-height-mobile=\"150\" data-height-tab=\"150\" data-height-tab-portrait=\"\" data-height-mobile-landscape=\"\" style=\"clear:both;display:block;\"><\/div><\/div><\/div><\/div><\/div><div class=\"vc_row wpb_row vc_row-fluid vc_row-o-equal-height vc_row-flex\"><div class=\"wpb_column vc_column_container vc_col-sm-6\"><div class=\"vc_column-inner\"><div class=\"wpb_wrapper\">\n\t<div  class=\"wpb_single_image wpb_content_element vc_align_left wpb_content_element vc_custom_1726843973148\">\n\t\t\n\t\t<figure class=\"wpb_wrapper vc_figure\">\n\t\t\t<div class=\"vc_single_image-wrapper   vc_box_border_grey\"><img loading=\"lazy\" decoding=\"async\" width=\"500\" height=\"463\" src=\"https:\/\/capitalimpact.fr\/wp-content\/uploads\/2024\/09\/PARTNERING.jpg\" class=\"vc_single_image-img attachment-large\" alt=\"\" title=\"PARTNERING\" srcset=\"https:\/\/capitalimpact.fr\/wp-content\/uploads\/2024\/09\/PARTNERING.jpg 500w, https:\/\/capitalimpact.fr\/wp-content\/uploads\/2024\/09\/PARTNERING-300x278.jpg 300w\" sizes=\"auto, (max-width: 500px) 100vw, 500px\" \/><\/div>\n\t\t<\/figure>\n\t<\/div>\n<div class=\"ult-content-box-container\" >\t\t<div class=\"ult-content-box\" style=\"background-color:#ffffff;box-shadow: px px px px #f7f7f7 none;padding-top:35px;padding-left:60px;margin-top:-60px;margin-left:60px;-webkit-transition: all 700ms ease;-moz-transition: all 700ms ease;-ms-transition: all 700ms ease;-o-transition: all 700ms ease;transition: all 700ms ease;\"  data-hover_box_shadow=\"none\"    data-normal_margins=\"margin-top:-60px;margin-left:60px;\"   data-bg=\"#ffffff\" ><h3 style=\"text-align: left\" class=\"vc_custom_heading\">SUIVI OP\u00c9RATIONNEL<\/h3>\t\t<\/div><\/div><\/div><\/div><\/div><div class=\"padding-right-sm wpb_column vc_column_container vc_col-sm-6\"><div class=\"vc_column-inner\" style=\" text-align:left; \"><div class=\"wpb_wrapper\"><h2 style=\"font-size: 80px;color: #dd3333;line-height: 1;text-align: left\" class=\"vc_custom_heading\">02.<\/h2><div class='dt-sc-small-separator'><\/div><h2 style=\"text-align: left\" class=\"vc_custom_heading\">OPERATING PARTNER<\/h2>\n\t<div class=\"wpb_text_column wpb_content_element\" >\n\t\t<div class=\"wpb_wrapper\">\n\t\t\t<p>Mise en place de suivis op\u00e9rationnels de soci\u00e9t\u00e9s en portefeuille:<\/p>\n<ul>\n<li>Mandats de board<\/li>\n<li>Cr\u00e9ation de valeur: expertise industrielle, sparring partner de dirigeants sur les aspects strat\u00e9gie, recherche de nouveaux march\u00e9s &amp; partenariats,\u2026<\/li>\n<\/ul>\n\n\t\t<\/div>\n\t<\/div>\n<\/div><\/div><\/div><div class=\"wpb_column vc_column_container vc_col-sm-12\"><div class=\"vc_column-inner\"><div class=\"wpb_wrapper\"><div class=\"ult-spacer spacer-69fb364b4668f\" data-id=\"69fb364b4668f\" data-height=\"150\" data-height-mobile=\"150\" data-height-tab=\"150\" data-height-tab-portrait=\"\" data-height-mobile-landscape=\"\" style=\"clear:both;display:block;\"><\/div><\/div><\/div><\/div><\/div><div class=\"vc_row wpb_row vc_row-fluid vc_row-o-equal-height vc_row-flex\"><div class=\"wpb_column vc_column_container vc_col-sm-6\"><div class=\"vc_column-inner\"><div class=\"wpb_wrapper\">\n\t<div  class=\"wpb_single_image wpb_content_element vc_align_left wpb_content_element vc_custom_1726844098972\">\n\t\t\n\t\t<figure class=\"wpb_wrapper vc_figure\">\n\t\t\t<div class=\"vc_single_image-wrapper   vc_box_border_grey\"><img loading=\"lazy\" decoding=\"async\" width=\"500\" height=\"464\" src=\"https:\/\/capitalimpact.fr\/wp-content\/uploads\/2024\/09\/PortfolioMgmt.jpg\" class=\"vc_single_image-img attachment-large\" alt=\"\" title=\"PortfolioMgmt\" srcset=\"https:\/\/capitalimpact.fr\/wp-content\/uploads\/2024\/09\/PortfolioMgmt.jpg 500w, https:\/\/capitalimpact.fr\/wp-content\/uploads\/2024\/09\/PortfolioMgmt-300x278.jpg 300w\" sizes=\"auto, (max-width: 500px) 100vw, 500px\" \/><\/div>\n\t\t<\/figure>\n\t<\/div>\n<div class=\"ult-content-box-container\" >\t\t<div class=\"ult-content-box\" style=\"background-color:#ffffff;box-shadow: px px px px #f7f7f7 none;padding-top:35px;padding-left:60px;margin-top:-60px;margin-left:60px;-webkit-transition: all 700ms ease;-moz-transition: all 700ms ease;-ms-transition: all 700ms ease;-o-transition: all 700ms ease;transition: all 700ms ease;\"  data-hover_box_shadow=\"none\"    data-normal_margins=\"margin-top:-60px;margin-left:60px;\"   data-bg=\"#ffffff\" ><h3 style=\"text-align: left\" class=\"vc_custom_heading\">PORTFOLIO MANAGEMENT<\/h3>\t\t<\/div><\/div><\/div><\/div><\/div><div class=\"padding-right-sm wpb_column vc_column_container vc_col-sm-6\"><div class=\"vc_column-inner\" style=\" text-align:left; \"><div class=\"wpb_wrapper\"><h2 style=\"font-size: 80px;color: #dd3333;line-height: 1;text-align: left\" class=\"vc_custom_heading\">03.<\/h2><div class='dt-sc-small-separator'><\/div><h2 style=\"text-align: left\" class=\"vc_custom_heading\">STRAT\u00c9GIE PORTEFEUILLE<\/h2>\n\t<div class=\"wpb_text_column wpb_content_element\" >\n\t\t<div class=\"wpb_wrapper\">\n\t\t\t<p>Nous intervenons dans la r\u00e9flexion strat\u00e9gique des soci\u00e9t\u00e9s en portefeuille:<\/p>\n<ul>\n<li>Identification et mise en place de solutions d\u2019exit et\/ou de refinancement,\u2026<\/li>\n<\/ul>\n\n\t\t<\/div>\n\t<\/div>\n<\/div><\/div><\/div><div class=\"wpb_column vc_column_container vc_col-sm-12\"><div class=\"vc_column-inner\"><div class=\"wpb_wrapper\"><div class=\"ult-spacer spacer-69fb364b46da6\" data-id=\"69fb364b46da6\" data-height=\"100\" data-height-mobile=\"100\" data-height-tab=\"100\" data-height-tab-portrait=\"\" data-height-mobile-landscape=\"\" style=\"clear:both;display:block;\"><\/div><\/div><\/div><\/div><\/div><div class=\"vc_row wpb_row vc_row-fluid\"><div class=\"wpb_column vc_column_container vc_col-sm-12\"><div class=\"vc_column-inner\"><div class=\"wpb_wrapper\"><div class=\"ult-spacer spacer-69fb364b46f29\" data-id=\"69fb364b46f29\" data-height=\"100\" data-height-mobile=\"100\" data-height-tab=\"100\" data-height-tab-portrait=\"\" data-height-mobile-landscape=\"\" style=\"clear:both;display:block;\"><\/div><div class='dt-sc-title with-two-border aligncenter'><h2>UN APER\u00c7U DE<br \/>\n<strong>NOS R\u00c9ALISATIONS<\/strong> SECTORIELLES<\/h2><\/div><div class='dt-sc-small-separator aligncenter'><\/div><div class=\"ult-spacer spacer-69fb364b46f57\" data-id=\"69fb364b46f57\" data-height=\"100\" data-height-mobile=\"100\" data-height-tab=\"100\" data-height-tab-portrait=\"\" data-height-mobile-landscape=\"\" style=\"clear:both;display:block;\"><\/div><div class=\"vc_row wpb_row vc_inner vc_row-fluid\"><div class=\"wpb_column vc_column_container vc_col-sm-12\"><div class=\"vc_column-inner\"><div class=\"wpb_wrapper\"><\/div><\/div><\/div><\/div><div class=\"vc_row wpb_row vc_inner vc_row-fluid\"><div class=\"wpb_column vc_column_container vc_col-sm-6\"><div class=\"vc_column-inner\"><div class=\"wpb_wrapper\"><div class='dt-sc-image-flip'><a href='https:\/\/capitalimpact.fr\/en\/references\/' title='R\u00e9f\u00e9rences' target='_self'><img loading=\"lazy\" decoding=\"async\" width=\"520\" height=\"339\" src=\"https:\/\/capitalimpact.fr\/wp-content\/uploads\/2024\/09\/Picture-3-verso.jpg\" class=\"attachment-full\" alt=\"\" title=\"Picture 3 verso\" srcset=\"https:\/\/capitalimpact.fr\/wp-content\/uploads\/2024\/09\/Picture-3-verso.jpg 520w, https:\/\/capitalimpact.fr\/wp-content\/uploads\/2024\/09\/Picture-3-verso-300x196.jpg 300w, https:\/\/capitalimpact.fr\/wp-content\/uploads\/2024\/09\/Picture-3-verso-420x275.jpg 420w\" sizes=\"auto, (max-width: 520px) 100vw, 520px\" \/><img loading=\"lazy\" decoding=\"async\" width=\"520\" height=\"339\" src=\"https:\/\/capitalimpact.fr\/wp-content\/uploads\/2024\/09\/Picture-3-recto.jpg\" class=\"attachment-full\" alt=\"\" title=\"Picture 3 recto\" srcset=\"https:\/\/capitalimpact.fr\/wp-content\/uploads\/2024\/09\/Picture-3-recto.jpg 520w, https:\/\/capitalimpact.fr\/wp-content\/uploads\/2024\/09\/Picture-3-recto-300x196.jpg 300w, https:\/\/capitalimpact.fr\/wp-content\/uploads\/2024\/09\/Picture-3-recto-420x275.jpg 420w\" sizes=\"auto, (max-width: 520px) 100vw, 520px\" \/><\/a><\/div><\/div><\/div><\/div><div class=\"wpb_column vc_column_container vc_col-sm-6\"><div class=\"vc_column-inner\"><div class=\"wpb_wrapper\"><div class='dt-sc-image-flip'><a href='https:\/\/capitalimpact.fr\/en\/references\/' title='R\u00e9f\u00e9rences' target='_self'><img loading=\"lazy\" decoding=\"async\" width=\"520\" height=\"340\" src=\"https:\/\/capitalimpact.fr\/wp-content\/uploads\/2024\/09\/Picture-4-RECTO.jpg\" class=\"attachment-full\" alt=\"\" title=\"Picture 4 RECTO\" srcset=\"https:\/\/capitalimpact.fr\/wp-content\/uploads\/2024\/09\/Picture-4-RECTO.jpg 520w, https:\/\/capitalimpact.fr\/wp-content\/uploads\/2024\/09\/Picture-4-RECTO-300x196.jpg 300w, https:\/\/capitalimpact.fr\/wp-content\/uploads\/2024\/09\/Picture-4-RECTO-420x275.jpg 420w\" sizes=\"auto, (max-width: 520px) 100vw, 520px\" \/><img loading=\"lazy\" decoding=\"async\" width=\"520\" height=\"340\" src=\"https:\/\/capitalimpact.fr\/wp-content\/uploads\/2024\/09\/Picture-4-verso.jpg\" class=\"attachment-full\" alt=\"\" title=\"Picture 4 verso\" srcset=\"https:\/\/capitalimpact.fr\/wp-content\/uploads\/2024\/09\/Picture-4-verso.jpg 520w, https:\/\/capitalimpact.fr\/wp-content\/uploads\/2024\/09\/Picture-4-verso-300x196.jpg 300w, https:\/\/capitalimpact.fr\/wp-content\/uploads\/2024\/09\/Picture-4-verso-420x275.jpg 420w\" sizes=\"auto, (max-width: 520px) 100vw, 520px\" \/><\/a><\/div><\/div><\/div><\/div><\/div><div class=\"ult-spacer spacer-69fb364b47c6e\" data-id=\"69fb364b47c6e\" data-height=\"70\" data-height-mobile=\"70\" data-height-tab=\"70\" data-height-tab-portrait=\"\" data-height-mobile-landscape=\"\" style=\"clear:both;display:block;\"><\/div><div class=\"vc_row wpb_row vc_inner vc_row-fluid\"><div class=\"wpb_column vc_column_container vc_col-sm-6\"><div class=\"vc_column-inner\"><div class=\"wpb_wrapper\"><div class='dt-sc-image-flip'><a href='https:\/\/capitalimpact.fr\/en\/references\/' title='R\u00e9f\u00e9rences' target='_self'><img loading=\"lazy\" decoding=\"async\" width=\"520\" height=\"340\" src=\"https:\/\/capitalimpact.fr\/wp-content\/uploads\/2024\/09\/Picture-2-recto.jpg\" class=\"attachment-full\" alt=\"\" title=\"Picture 2 recto\" srcset=\"https:\/\/capitalimpact.fr\/wp-content\/uploads\/2024\/09\/Picture-2-recto.jpg 520w, https:\/\/capitalimpact.fr\/wp-content\/uploads\/2024\/09\/Picture-2-recto-300x196.jpg 300w, https:\/\/capitalimpact.fr\/wp-content\/uploads\/2024\/09\/Picture-2-recto-420x275.jpg 420w\" sizes=\"auto, (max-width: 520px) 100vw, 520px\" \/><img loading=\"lazy\" decoding=\"async\" width=\"520\" height=\"340\" src=\"https:\/\/capitalimpact.fr\/wp-content\/uploads\/2024\/09\/Picture-2-verso.jpg\" class=\"attachment-full\" alt=\"\" title=\"Picture 2 verso\" srcset=\"https:\/\/capitalimpact.fr\/wp-content\/uploads\/2024\/09\/Picture-2-verso.jpg 520w, https:\/\/capitalimpact.fr\/wp-content\/uploads\/2024\/09\/Picture-2-verso-300x196.jpg 300w, https:\/\/capitalimpact.fr\/wp-content\/uploads\/2024\/09\/Picture-2-verso-420x275.jpg 420w\" sizes=\"auto, (max-width: 520px) 100vw, 520px\" \/><\/a><\/div><\/div><\/div><\/div><div class=\"wpb_column vc_column_container vc_col-sm-6\"><div class=\"vc_column-inner\"><div class=\"wpb_wrapper\"><div class='dt-sc-image-flip'><a href='https:\/\/capitalimpact.fr\/en\/references\/' title='R\u00e9f\u00e9rences' target='_self'><img loading=\"lazy\" decoding=\"async\" width=\"520\" height=\"340\" src=\"https:\/\/capitalimpact.fr\/wp-content\/uploads\/2024\/09\/Picture-1-recto.jpg\" class=\"attachment-full\" alt=\"\" title=\"Picture 1 recto\" srcset=\"https:\/\/capitalimpact.fr\/wp-content\/uploads\/2024\/09\/Picture-1-recto.jpg 520w, https:\/\/capitalimpact.fr\/wp-content\/uploads\/2024\/09\/Picture-1-recto-300x196.jpg 300w, https:\/\/capitalimpact.fr\/wp-content\/uploads\/2024\/09\/Picture-1-recto-420x275.jpg 420w\" sizes=\"auto, (max-width: 520px) 100vw, 520px\" \/><img loading=\"lazy\" decoding=\"async\" width=\"520\" height=\"340\" src=\"https:\/\/capitalimpact.fr\/wp-content\/uploads\/2024\/09\/Picture-1-verso.jpg\" class=\"attachment-full\" alt=\"\" title=\"Picture 1 verso\" srcset=\"https:\/\/capitalimpact.fr\/wp-content\/uploads\/2024\/09\/Picture-1-verso.jpg 520w, https:\/\/capitalimpact.fr\/wp-content\/uploads\/2024\/09\/Picture-1-verso-300x196.jpg 300w, https:\/\/capitalimpact.fr\/wp-content\/uploads\/2024\/09\/Picture-1-verso-420x275.jpg 420w\" sizes=\"auto, (max-width: 520px) 100vw, 520px\" \/><\/a><\/div><\/div><\/div><\/div><\/div><\/div><\/div><\/div><\/div><div class=\"vc_row wpb_row vc_row-fluid\"><div class=\"wpb_column vc_column_container vc_col-sm-12\"><div class=\"vc_column-inner\"><div class=\"wpb_wrapper\"><div class=\"ult-spacer spacer-69fb364b48809\" data-id=\"69fb364b48809\" data-height=\"300\" data-height-mobile=\"300\" data-height-tab=\"300\" data-height-tab-portrait=\"\" data-height-mobile-landscape=\"\" style=\"clear:both;display:block;\"><\/div><\/div><\/div><\/div><\/div>\n<\/div>","protected":false},"excerpt":{"rendered":"SOCI\u00c9T\u00c9 DE GESTION &amp; CVC (FONDS CORPORATE) 01.CONSEIL &amp; LEV\u00c9E DE FONDS Nous intervenons dans la r\u00e9flexion strat\u00e9gique de soci\u00e9t\u00e9s de gestion et de CVC (fonds corporate) : Positionnement strat\u00e9gique, identification des axes de d\u00e9veloppement, organisation etc.. Accompagnement dans la d\u00e9marche de lev\u00e9e des fonds : Identification typologie d\u2019investisseurs \u00e0 cibler Pr\u00e9paration de la documentation [...]","protected":false},"author":2,"featured_media":9735,"parent":0,"menu_order":0,"comment_status":"closed","ping_status":"closed","template":"","meta":{"footnotes":""},"class_list":["post-10307","page","type-page","status-publish","has-post-thumbnail","hentry"],"_links":{"self":[{"href":"https:\/\/capitalimpact.fr\/en\/wp-json\/wp\/v2\/pages\/10307","targetHints":{"allow":["GET"]}}],"collection":[{"href":"https:\/\/capitalimpact.fr\/en\/wp-json\/wp\/v2\/pages"}],"about":[{"href":"https:\/\/capitalimpact.fr\/en\/wp-json\/wp\/v2\/types\/page"}],"author":[{"embeddable":true,"href":"https:\/\/capitalimpact.fr\/en\/wp-json\/wp\/v2\/users\/2"}],"replies":[{"embeddable":true,"href":"https:\/\/capitalimpact.fr\/en\/wp-json\/wp\/v2\/comments?post=10307"}],"version-history":[{"count":11,"href":"https:\/\/capitalimpact.fr\/en\/wp-json\/wp\/v2\/pages\/10307\/revisions"}],"predecessor-version":[{"id":10760,"href":"https:\/\/capitalimpact.fr\/en\/wp-json\/wp\/v2\/pages\/10307\/revisions\/10760"}],"wp:featuredmedia":[{"embeddable":true,"href":"https:\/\/capitalimpact.fr\/en\/wp-json\/wp\/v2\/media\/9735"}],"wp:attachment":[{"href":"https:\/\/capitalimpact.fr\/en\/wp-json\/wp\/v2\/media?parent=10307"}],"curies":[{"name":"wp","href":"https:\/\/api.w.org\/{rel}","templated":true}]}}